{"id":108,"date":"2018-01-14T16:19:26","date_gmt":"2018-01-14T22:19:26","guid":{"rendered":"http:\/\/www.cursosdedefensapersonal.com.mx\/escuelas\/?page_id=108"},"modified":"2018-03-01T15:02:49","modified_gmt":"2018-03-01T21:02:49","slug":"en-que-consiste","status":"publish","type":"page","link":"https:\/\/www.cursosdedefensapersonal.com.mx\/escuelas\/en-que-consiste\/","title":{"rendered":"En que consiste"},"content":{"rendered":"<p>[et_pb_section fb_built=&#8221;1&#8243; fullwidth=&#8221;on&#8221; _builder_version=&#8221;3.0.97&#8243; background_image=&#8221;http:\/\/www.cursosdedefensapersonal.com.mx\/escuelas\/wp-content\/uploads\/2018\/02\/dinamica_escuela.jpg&#8221; custom_padding=&#8221;0px|0px|0px|0px&#8221;][et_pb_fullwidth_header title=&#8221;Safe Learning Environment consta de 3 pilares fundamentales:&#8221; background_layout=&#8221;dark&#8221; text_orientation=&#8221;center&#8221; header_fullscreen=&#8221;on&#8221; header_scroll_down=&#8221;on&#8221; scroll_down_icon=&#8221;%%3%%&#8221; scroll_down_icon_size=&#8221;60px&#8221; _builder_version=&#8221;3.0.97&#8243; title_font=&#8221;|700|||||||&#8221; title_font_size=&#8221;60px&#8221; title_line_height=&#8221;1.1em&#8221; content_font=&#8221;||||||||&#8221;][\/et_pb_fullwidth_header][\/et_pb_section][et_pb_section fb_built=&#8221;1&#8243; _builder_version=&#8221;3.0.97&#8243; custom_padding=&#8221;54px|0px|100px|0px&#8221;][et_pb_row make_fullwidth=&#8221;on&#8221; custom_padding=&#8221;27px|0px|40px|0px&#8221; _builder_version=&#8221;3.0.97&#8243;][et_pb_column type=&#8221;1_2&#8243; _builder_version=&#8221;3.0.97&#8243; parallax=&#8221;off&#8221; parallax_method=&#8221;on&#8221;][et_pb_image src=&#8221;http:\/\/www.cursosdedefensapersonal.com.mx\/escuelas\/wp-content\/uploads\/2018\/02\/imagen_1.png&#8221; _builder_version=&#8221;3.0.97&#8243;][\/et_pb_image][\/et_pb_column][et_pb_column type=&#8221;1_2&#8243; _builder_version=&#8221;3.0.97&#8243; parallax=&#8221;off&#8221; parallax_method=&#8221;on&#8221;][et_pb_text _builder_version=&#8221;3.0.97&#8243; text_font=&#8221;|700|||||||&#8221; text_font_size=&#8221;40px&#8221; text_text_color=&#8221;#f4c151&#8243;]<span style=\"color: #e28837;\">PILAR<\/span> 1:<br \/>\n[\/et_pb_text][et_pb_text _builder_version=&#8221;3.0.97&#8243; text_font=&#8221;||||||||&#8221; text_font_size=&#8221;27px&#8221; text_line_height=&#8221;0em&#8221;]<em>Sesi\u00f3n con los diferentes grupos del centro educativo.<\/em><br \/>\n[\/et_pb_text][et_pb_text _builder_version=&#8221;3.0.97&#8243; text_font=&#8221;||||||||&#8221; text_font_size=&#8221;22px&#8221; text_line_height=&#8221;1.2em&#8221;]<strong>Paso 1.<\/strong> Una conferencia plenaria por parte de nuestros expertos para sensibilizar sobre el acoso escolar, esta sesi\u00f3n es primordial para encaminar a los asistentes previo al segundo paso.<\/p>\n<p><strong>Paso 2.<\/strong> Al t\u00e9rmino de la sesi\u00f3n se le pide a los asistentes que resulevan una serie de preguntas sobre la situaci\u00f3n actual del centro escolar en relaci\u00f3n al acoso. Estas preguntas est\u00e1n dise\u00f1adas de tal forma que nos permite evaluar y detectar los focos rojos dentro de la escuela. Por ejemplo, podemos identificar si en un grupo espec\u00edfico existe una situaci\u00f3n de acoso motivada por alumnos de grados superiores que ha permeado a niveles inferiores y a su vez sobrepasa las barreras f\u00edsicas de la escuela.<\/p>\n<p>Al t\u00e9rmino se procesan los datos y se entrega un an\u00e1lisis detallado.<br \/>\n[\/et_pb_text][\/et_pb_column][\/et_pb_row][et_pb_row make_fullwidth=&#8221;on&#8221; custom_padding=&#8221;40px|0px|27px|0px&#8221; _builder_version=&#8221;3.0.97&#8243;][et_pb_column type=&#8221;1_2&#8243; _builder_version=&#8221;3.0.97&#8243; parallax=&#8221;off&#8221; parallax_method=&#8221;on&#8221;][et_pb_text _builder_version=&#8221;3.0.97&#8243; text_font=&#8221;|700|||||||&#8221; text_font_size=&#8221;40px&#8221; text_text_color=&#8221;#e28837&#8243;]PILAR <span style=\"color: #f4c151;\">2:<\/span><br \/>\n[\/et_pb_text][et_pb_text _builder_version=&#8221;3.0.97&#8243; text_font=&#8221;||||||||&#8221; text_font_size=&#8221;27px&#8221; text_line_height=&#8221;0em&#8221;]<em>Taller dirigido a padres de familia.<\/em><br \/>\n[\/et_pb_text][et_pb_text _builder_version=&#8221;3.0.97&#8243; text_font=&#8221;||||||||&#8221; text_font_size=&#8221;22px&#8221; text_line_height=&#8221;1.2em&#8221;]Es importante atacar el acoso escolar desde el n\u00facleo familiar. Mediante este taller se exponen diferentes formas para prevenir y resolver estas situaciones como padre de familia.<\/p>\n<p>Es importante mencionar que la escuela tiene l\u00edmites y que el \u00e9xito de esta estrategia radica en el apoyo de los diferentes jefes de familia.<\/p>\n<p>Dentro de este taller se les indica a los padres y tutores algunas de las estrategias para identificar si su hijo es acosador o v\u00edctima y sobre todo c\u00f3mo abordar los temas para evitar que el conflicto siga creciendo.<br \/>\n[\/et_pb_text][\/et_pb_column][et_pb_column type=&#8221;1_2&#8243; _builder_version=&#8221;3.0.97&#8243; parallax=&#8221;off&#8221; parallax_method=&#8221;on&#8221;][et_pb_image src=&#8221;http:\/\/www.cursosdedefensapersonal.com.mx\/escuelas\/wp-content\/uploads\/2018\/02\/imagen_2.png&#8221; _builder_version=&#8221;3.0.97&#8243;][\/et_pb_image][\/et_pb_column][\/et_pb_row][et_pb_row make_fullwidth=&#8221;on&#8221; custom_padding=&#8221;40px|0px|27px|0px&#8221; _builder_version=&#8221;3.0.97&#8243;][et_pb_column type=&#8221;4_4&#8243; _builder_version=&#8221;3.0.97&#8243; parallax=&#8221;off&#8221; parallax_method=&#8221;on&#8221;][et_pb_text _builder_version=&#8221;3.0.97&#8243; text_font=&#8221;|700|||||||&#8221; text_font_size=&#8221;40px&#8221; text_text_color=&#8221;#e28837&#8243;]<\/p>\n<p style=\"text-align: center;\">PILAR <span style=\"color: #f4c151;\">3:<\/span><\/p>\n<p>[\/et_pb_text][et_pb_text _builder_version=&#8221;3.0.97&#8243; text_font=&#8221;||||||||&#8221; text_font_size=&#8221;27px&#8221; text_line_height=&#8221;0em&#8221;]<\/p>\n<p style=\"text-align: center;\"><em>Estrategias preventivas dentro del centro escolar.<\/em><\/p>\n<p>[\/et_pb_text][et_pb_text _builder_version=&#8221;3.0.97&#8243; text_font=&#8221;||||||||&#8221; text_font_size=&#8221;22px&#8221; text_line_height=&#8221;1.2em&#8221;]<\/p>\n<p style=\"text-align: justify;\">Una vez que tenemos la informaci\u00f3n completa sobre la situaci\u00f3n de la escuela nos damos a la tarea de presentar una serie de recomendaciones para que el personal genere una estrategia de prevenci\u00f3n que est\u00e9 alineada al ideario de la escuela.<\/p>\n<p>[\/et_pb_text][\/et_pb_column][\/et_pb_row][\/et_pb_section][et_pb_section fb_built=&#8221;1&#8243; fullwidth=&#8221;on&#8221; _builder_version=&#8221;3.0.97&#8243; background_image=&#8221;http:\/\/www.cursosdedefensapersonal.com.mx\/escuelas\/wp-content\/uploads\/2018\/02\/unidos.jpg&#8221; custom_padding=&#8221;0px|0px|0px|0px&#8221;][et_pb_fullwidth_header background_layout=&#8221;dark&#8221; text_orientation=&#8221;center&#8221; header_fullscreen=&#8221;on&#8221; scroll_down_icon_size=&#8221;60px&#8221; _builder_version=&#8221;3.0.97&#8243; title_font=&#8221;|700|||||||&#8221; title_font_size=&#8221;60px&#8221; title_line_height=&#8221;1.1em&#8221; content_font=&#8221;||||||||&#8221; content_font_size=&#8221;27px&#8221; content_line_height=&#8221;1.3em&#8221; custom_button_one=&#8221;on&#8221; button_one_font=&#8221;||||||||&#8221; button_one_text=&#8221;Cont\u00e1ctanos&#8221; button_one_text_size=&#8221;30px&#8221; button_one_border_width=&#8221;4px&#8221; button_one_letter_spacing=&#8221;4px&#8221; button_one_icon=&#8221;%%73%%&#8221; button_one_icon_color=&#8221;#000000&#8243; button_one_text_color_hover=&#8221;#000000&#8243; button_one_bg_color_hover=&#8221;#ffffff&#8221; button_one_border_color_hover=&#8221;rgba(201,201,201,0)&#8221; background_color=&#8221;rgba(0,0,0,0.29)&#8221; background_blend=&#8221;multiply&#8221; button_one_url=&#8221;http:\/\/www.cursosdedefensapersonal.com.mx\/escuelas\/contacto\/&#8221;]<\/p>\n<p>Hemos tratado con cientos de alumnos (y padres de familia) v\u00edctimas de acoso escolar, conocemos las problem\u00e1ticas actuales y el da\u00f1o emocional que puede provocar una simple frase hiriente.<\/p>\n<p>&nbsp;<\/p>\n<p>Safe Learning Environment provee una serie de herramientas en contra del acoso escolar que no deben faltar en niguna escuela.<\/p>\n<p>&nbsp;<\/p>\n<p>[\/et_pb_fullwidth_header][\/et_pb_section]<\/p>\n","protected":false},"excerpt":{"rendered":"<p>PILAR 1: Sesi\u00f3n con los diferentes grupos del centro educativo. Paso 1. Una conferencia plenaria por parte de nuestros expertos para sensibilizar sobre el acoso escolar, esta sesi\u00f3n es primordial para encaminar a los asistentes previo al segundo paso. Paso 2. Al t\u00e9rmino de la sesi\u00f3n se le pide a los asistentes que resulevan una [&hellip;]<\/p>\n","protected":false},"author":1,"featured_media":0,"parent":0,"menu_order":0,"comment_status":"closed","ping_status":"closed","template":"","meta":{"_et_pb_use_builder":"on","_et_pb_old_content":"Safe Learning Environment consta de 3 pilares fundamentales:\r\n\r\n<strong>Pilar 1:<\/strong>\r\n\r\n<em>Sesi\u00f3n son los diferentes grupos del centro educativo.<\/em>\r\n\r\nUna conferencia plenaria a por parte de uno de nuestros expertos para sensibilizar sobre el acoso escolar, esta sesi\u00f3n es primordial para encaminar a los asistentes previo al segundo paso.\r\n\r\nPaso 2, al t\u00e9rmino de la sesi\u00f3n se le pide a los asistentes que resulevan una serie de preguntas sobre la situaci\u00f3n actual del centro escolar en relaci\u00f3n al acoso. Estas preguntas est\u00e1n dise\u00f1adas de tal forma que nos permite evaluar y detectar los focos rojos dentro de la escuela. Por ejemplo, podemos identificar si en un grupo espec\u00edfico existe una situaci\u00f3n de acoso motivada por alumnos de grados superiores que ha permeado a niveles inferiores y a su vez sobrepasa las barreras f\u00edsicas de la escuela.\r\n\r\nAl t\u00e9rmino se procesan los datos y se entrega un an\u00e1lisis detallado.\r\n\r\n<strong>Pilar 2:<\/strong>\r\n\r\n<em>Taller dirigido a padres de familia.<\/em>\r\n\r\nEs importante atacar el acoso escolar desde el nucelo familiar. Mediante este taller se exponen diferentes formas para prevenir y resolver estas situaciones como padre de familia.\r\n\r\nEs importante mencionar que la escuela l\u00edmites y que el \u00e9xito de esta estrategia radica en el apoyo de los diferentes jefes de familia.\r\n\r\nDentro de este taller se les indica a los padres y tutores algunas de las estrategias para identificar si su hijo es acosador o victima y sobre todo como abordar los temas para evitar que el conflicto siga creciendo.\r\n\r\n<strong>Pilar 3:<\/strong>\r\n\r\n<em>Estrategias preventivas dentro del centro escolar.<\/em>\r\n\r\nUna vez que tenemos la informaci\u00f3n completa sobre la situacion de la escuela nos damos a la tarea de presentar una serie de recomendaciones para que el personal genere una estrategia de prevenci\u00f3n que est\u00e9 alineada al ideario de la escuela.\r\n\r\n---------\r\n\r\nHemos tratado con cientos de alumnos (y padres de familia) v\u00edctimas de acoso escolar, conocemos las problem\u00e1ticas actuales y el da\u00f1o emocional que puede provocar una simple frase hiriente.\r\n\r\nSafe Learning Environment provee una serie de armas en contra del acoso escolar que no debe faltar en niguna escuela.","_et_gb_content_width":"","footnotes":""},"class_list":["post-108","page","type-page","status-publish","hentry"],"_links":{"self":[{"href":"https:\/\/www.cursosdedefensapersonal.com.mx\/escuelas\/wp-json\/wp\/v2\/pages\/108","targetHints":{"allow":["GET"]}}],"collection":[{"href":"https:\/\/www.cursosdedefensapersonal.com.mx\/escuelas\/wp-json\/wp\/v2\/pages"}],"about":[{"href":"https:\/\/www.cursosdedefensapersonal.com.mx\/escuelas\/wp-json\/wp\/v2\/types\/page"}],"author":[{"embeddable":true,"href":"https:\/\/www.cursosdedefensapersonal.com.mx\/escuelas\/wp-json\/wp\/v2\/users\/1"}],"replies":[{"embeddable":true,"href":"https:\/\/www.cursosdedefensapersonal.com.mx\/escuelas\/wp-json\/wp\/v2\/comments?post=108"}],"version-history":[{"count":5,"href":"https:\/\/www.cursosdedefensapersonal.com.mx\/escuelas\/wp-json\/wp\/v2\/pages\/108\/revisions"}],"predecessor-version":[{"id":337,"href":"https:\/\/www.cursosdedefensapersonal.com.mx\/escuelas\/wp-json\/wp\/v2\/pages\/108\/revisions\/337"}],"wp:attachment":[{"href":"https:\/\/www.cursosdedefensapersonal.com.mx\/escuelas\/wp-json\/wp\/v2\/media?parent=108"}],"curies":[{"name":"wp","href":"https:\/\/api.w.org\/{rel}","templated":true}]}}